{"id":9,"date":"2020-05-20T16:10:30","date_gmt":"2020-05-20T16:10:30","guid":{"rendered":"http:\/\/www.sailingdreams.cz\/?page_id=9"},"modified":"2024-03-26T11:00:05","modified_gmt":"2024-03-26T11:00:05","slug":"delivery-lodi","status":"publish","type":"page","link":"https:\/\/www.sailingdreams.cz\/?page_id=9","title":{"rendered":"AKTU\u00c1LN\u00cd PLAVBY"},"content":{"rendered":"\t\t<div data-elementor-type=\"wp-page\" data-elementor-id=\"9\" class=\"elementor elementor-9\" data-elementor-settings=\"[]\">\n\t\t\t\t\t\t<div class=\"elementor-inner\">\n\t\t\t\t\t\t\t<div class=\"elementor-section-wrap\">\n\t\t\t\t\t\t\t<section class=\"elementor-section elementor-top-section elementor-element elementor-element-73b0509 elementor-section-boxed elementor-section-height-default elementor-section-height-default\" data-id=\"73b0509\" data-element_type=\"section\">\n\t\t\t\t\t\t<div class=\"elementor-container elementor-column-gap-default\">\n\t\t\t\t\t\t\t<div class=\"elementor-row\">\n\t\t\t\t\t<div class=\"elementor-column elementor-col-100 elementor-top-column elementor-element elementor-element-58d4a68\" data-id=\"58d4a68\" data-element_type=\"column\">\n\t\t\t<div class=\"elementor-column-wrap elementor-element-populated\">\n\t\t\t\t\t\t\t<div class=\"elementor-widget-wrap\">\n\t\t\t\t\t\t<div class=\"elementor-element elementor-element-ee5fa58 elementor-invisible elementor-widget elementor-widget-text-editor\" data-id=\"ee5fa58\" data-element_type=\"widget\" data-settings=\"{&quot;_animation&quot;:&quot;fadeIn&quot;,&quot;_animation_delay&quot;:200}\" data-widget_type=\"text-editor.default\">\n\t\t\t\t<div class=\"elementor-widget-container\">\n\t\t\t\t\t<div class=\"elementor-text-editor elementor-clearfix\"><p>&nbsp;.<a href=\"https:\/\/www.facebook.com\/pg\/plavby.kurzy.charter.delivery.opravy\/events\/?ref=page_internal\" style=\"font-family: Raleway, sans-serif; font-size: 14px; font-style: normal; letter-spacing: 0px;\">Aktu\u00e1ln\u00ed nab\u00eddku plaveb najdete na tomto odkazu.<\/a><\/p><\/div>\n\t\t\t\t<\/div>\n\t\t\t\t<\/div>\n\t\t\t\t\t\t<\/div>\n\t\t\t\t\t<\/div>\n\t\t<\/div>\n\t\t\t\t\t\t\t\t<\/div>\n\t\t\t\t\t<\/div>\n\t\t<\/section>\n\t\t\t\t\t\t<\/div>\n\t\t\t\t\t\t<\/div>\n\t\t\t\t\t<\/div>\n\t\t","protected":false},"excerpt":{"rendered":"<p>&nbsp;.Aktu\u00e1ln\u00ed nab\u00eddku plaveb najdete na tomto odkazu.<\/p>\n","protected":false},"author":1,"featured_media":0,"parent":0,"menu_order":0,"comment_status":"closed","ping_status":"closed","template":"","meta":[],"_links":{"self":[{"href":"https:\/\/www.sailingdreams.cz\/index.php?rest_route=\/wp\/v2\/pages\/9"}],"collection":[{"href":"https:\/\/www.sailingdreams.cz\/index.php?rest_route=\/wp\/v2\/pages"}],"about":[{"href":"https:\/\/www.sailingdreams.cz\/index.php?rest_route=\/wp\/v2\/types\/page"}],"author":[{"embeddable":true,"href":"https:\/\/www.sailingdreams.cz\/index.php?rest_route=\/wp\/v2\/users\/1"}],"replies":[{"embeddable":true,"href":"https:\/\/www.sailingdreams.cz\/index.php?rest_route=%2Fwp%2Fv2%2Fcomments&post=9"}],"version-history":[{"count":16,"href":"https:\/\/www.sailingdreams.cz\/index.php?rest_route=\/wp\/v2\/pages\/9\/revisions"}],"predecessor-version":[{"id":468,"href":"https:\/\/www.sailingdreams.cz\/index.php?rest_route=\/wp\/v2\/pages\/9\/revisions\/468"}],"wp:attachment":[{"href":"https:\/\/www.sailingdreams.cz\/index.php?rest_route=%2Fwp%2Fv2%2Fmedia&parent=9"}],"curies":[{"name":"wp","href":"https:\/\/api.w.org\/{rel}","templated":true}]}}