{"id":7,"date":"2020-05-20T16:09:16","date_gmt":"2020-05-20T16:09:16","guid":{"rendered":"http:\/\/www.sailingdreams.cz\/?page_id=7"},"modified":"2024-03-26T11:03:49","modified_gmt":"2024-03-26T11:03:49","slug":"charter-v-recku","status":"publish","type":"page","link":"https:\/\/www.sailingdreams.cz\/?page_id=7","title":{"rendered":"CHARTER V \u0158ECKU"},"content":{"rendered":"\t\t<div data-elementor-type=\"wp-page\" data-elementor-id=\"7\" class=\"elementor elementor-7\" data-elementor-settings=\"[]\">\n\t\t\t\t\t\t<div class=\"elementor-inner\">\n\t\t\t\t\t\t\t<div class=\"elementor-section-wrap\">\n\t\t\t\t\t\t\t<section class=\"elementor-section elementor-top-section elementor-element elementor-element-48997a02 elementor-section-boxed elementor-section-height-default elementor-section-height-default\" data-id=\"48997a02\" data-element_type=\"section\">\n\t\t\t\t\t\t<div class=\"elementor-container elementor-column-gap-default\">\n\t\t\t\t\t\t\t<div class=\"elementor-row\">\n\t\t\t\t\t<div class=\"elementor-column elementor-col-100 elementor-top-column elementor-element elementor-element-3ba2d4e8\" data-id=\"3ba2d4e8\" data-element_type=\"column\">\n\t\t\t<div class=\"elementor-column-wrap elementor-element-populated\">\n\t\t\t\t\t\t\t<div class=\"elementor-widget-wrap\">\n\t\t\t\t\t\t<div class=\"elementor-element elementor-element-27c01d0c elementor-invisible elementor-widget elementor-widget-text-editor\" data-id=\"27c01d0c\" data-element_type=\"widget\" data-settings=\"{&quot;_animation&quot;:&quot;fadeIn&quot;,&quot;_animation_delay&quot;:400}\" data-widget_type=\"text-editor.default\">\n\t\t\t\t<div class=\"elementor-widget-container\">\n\t\t\t\t\t<div class=\"elementor-text-editor elementor-clearfix\"><p style=\"text-align: left;\">Nab\u00edz\u00edme pron\u00e1jem plachetnice Jeanneau Sun Odyssey 42.2<\/p>\n<p>Solidn\u00ed odoln\u00e1 lo\u010f vybaven\u00e1 I pro nep\u0159\u00edze\u0148 po\u010das\u00ed.<\/p>\n<p>Jej\u00ed p\u0159ednost\u00ed je variabiln\u00ed p\u0159\u00ed\u010fov\u00e1 kajuta s bo\u010dn\u00ed palandovou kajutou. Maxim\u00e1ln\u011b pojme 10 lid\u00ed, velice pohodln\u00e1 pro 6-7 osob. Vzhledem k po\u017eadavk\u016fm \u0159eck\u00e9ho z\u00e1kona ji nabiz\u00edme pod \u0159eckou firmou ESET sailing N.e.p.a.&nbsp;<\/p>\n<ul>\n<li>Pokud jsou va\u0161e schopnosti a kvalifikace dostate\u010dn\u00e9, nab\u00edz\u00edme ji na charterov\u00e9 plavby bez kapit\u00e1na.<\/li>\n<li>Samoz\u0159ejm\u011b v\u00e1m r\u00e1di poskytneme slu\u017eby n\u011bkter\u00e9ho z na\u0161ich kapit\u00e1n\u016f. Ka\u017ed\u00fd z nich je v\u00fdborn\u00fd jachta\u0159 s vysokou kvalifikac\u00ed, v\u0161ichni znaj\u00ed m\u00edstn\u00ed vody a kotvi\u0161t\u011b a m\u00edsta vhodn\u00e1 pro shl\u00e9dnut\u00ed \u010di zast\u00e1vku. Nav\u00edc jsou komunikativn\u00ed a sna\u017e\u00ed se pos\u00e1dce plavbu maxim\u00e1ln\u011b zp\u0159\u00edjemnit.<\/li>\n<li>Nab\u00edz\u00edme tak\u00e9 speci\u00e1ln\u00ed plavby s kapit\u00e1nem jako jsou del\u0161\u00ed minim\u00e1ln\u011b desetidenn\u00ed Adventure plavby a p\u0159eplavby ke vzd\u00e1len\u011bj\u0161\u00edm c\u00edl\u016fm.&nbsp;<\/li>\n<\/ul>\n<p>Z\u00e1kladnu m\u00e1me v m\u011bste\u010dku Korfos pobl\u00ed\u017e Korintu.<\/p>\n<p>Cena lodi na t\u00fdden je 1.600 EUR v hlavni sez\u00f3n\u011b. Mimo sez\u00f3nu dohodou. Slu\u017eby kapit\u00e1na na t\u00fdden poskytujeme za 1000 EUR.&nbsp; Ceny speci\u00e1ln\u00edch plaveb jsou stanoveny individu\u00e1ln\u011b pro jednotliv\u00e9 akce. Na m\u00edst\u011b se plat\u00ed tranzitlog ve v\u00fd\u0161i 100 EUR. Kauce je ve v\u00fd\u0161i 1000 EUR pokud plujete bez kapit\u00e1na, Kauci lze pojistit nevratnou pojistkou.<\/p>\n<p><strong>Technick\u00e9 \u00fadaje lodi:<\/strong><\/p>\n<p>L.O.A.: 12,5 m<br>\u0161\u00ed\u0159ka: 4,05 m<br>ponor: 1,9 m<br>v\u00fdtlak: 9800 kg<br>palivo: 300 l<br>voda: 3*120 l<br>r.v.: 1999<br>kajuty\/l\u016f\u017eka: 4\/10 + salon<br>motor: \u010dty\u0159v\u00e1lec Yanmar<\/p>\n<p>trojlist\u00fd propeler, jedno kormidlo, gena na rolfoku, sp\u00edrov\u00e1 hlavn\u00ed plachta s t\u0159emi klasick\u00fdmi refy, va\u0159i\u010d s troubou, prostorn\u00e1 lednice, dv\u011b toalety, jedna z nich s koupelnou. Sklopen\u00edm stolu v salonu vznik\u00e1 prostorn\u00e9 dvoul\u016f\u017eko. Ve\u0161ker\u00e9 bezpe\u010dnostn\u00ed vybaven\u00ed dle z\u00e1kona, Pol\u0161t\u00e1\u0159e, deky, povle\u010den\u00ed a z\u00e1v\u011bre\u010dn\u00fd \u00faklid v cen\u011b.<\/p>\n<p>Kontaktujte n\u00e1s v p\u0159\u00edpad\u011b z\u00e1jmu o jak\u00fdkoli term\u00edn&nbsp;<\/p><\/div>\n\t\t\t\t<\/div>\n\t\t\t\t<\/div>\n\t\t\t\t\t\t<\/div>\n\t\t\t\t\t<\/div>\n\t\t<\/div>\n\t\t\t\t\t\t\t\t<\/div>\n\t\t\t\t\t<\/div>\n\t\t<\/section>\n\t\t\t\t\t\t<\/div>\n\t\t\t\t\t\t<\/div>\n\t\t\t\t\t<\/div>\n\t\t","protected":false},"excerpt":{"rendered":"<p>Nab\u00edz\u00edme pron\u00e1jem plachetnice Jeanneau Sun Odyssey 42.2 Solidn\u00ed odoln\u00e1 lo\u010f vybaven\u00e1 I pro nep\u0159\u00edze\u0148 po\u010das\u00ed. Jej\u00ed p\u0159ednost\u00ed je variabiln\u00ed p\u0159\u00ed\u010fov\u00e1 kajuta s bo\u010dn\u00ed palandovou kajutou. Maxim\u00e1ln\u011b pojme 10 lid\u00ed, velice pohodln\u00e1 pro 6-7 osob. Vzhledem k po\u017eadavk\u016fm \u0159eck\u00e9ho z\u00e1kona ji nabiz\u00edme pod \u0159eckou firmou ESET sailing N.e.p.a.&nbsp; Pokud jsou va\u0161e schopnosti a kvalifikace dostate\u010dn\u00e9, nab\u00edz\u00edme<\/p>\n","protected":false},"author":1,"featured_media":0,"parent":0,"menu_order":0,"comment_status":"closed","ping_status":"closed","template":"","meta":[],"_links":{"self":[{"href":"https:\/\/www.sailingdreams.cz\/index.php?rest_route=\/wp\/v2\/pages\/7"}],"collection":[{"href":"https:\/\/www.sailingdreams.cz\/index.php?rest_route=\/wp\/v2\/pages"}],"about":[{"href":"https:\/\/www.sailingdreams.cz\/index.php?rest_route=\/wp\/v2\/types\/page"}],"author":[{"embeddable":true,"href":"https:\/\/www.sailingdreams.cz\/index.php?rest_route=\/wp\/v2\/users\/1"}],"replies":[{"embeddable":true,"href":"https:\/\/www.sailingdreams.cz\/index.php?rest_route=%2Fwp%2Fv2%2Fcomments&post=7"}],"version-history":[{"count":21,"href":"https:\/\/www.sailingdreams.cz\/index.php?rest_route=\/wp\/v2\/pages\/7\/revisions"}],"predecessor-version":[{"id":471,"href":"https:\/\/www.sailingdreams.cz\/index.php?rest_route=\/wp\/v2\/pages\/7\/revisions\/471"}],"wp:attachment":[{"href":"https:\/\/www.sailingdreams.cz\/index.php?rest_route=%2Fwp%2Fv2%2Fmedia&parent=7"}],"curies":[{"name":"wp","href":"https:\/\/api.w.org\/{rel}","templated":true}]}}