{"id":39,"date":"2020-05-22T14:27:04","date_gmt":"2020-05-22T14:27:04","guid":{"rendered":"http:\/\/www.sailingdreams.cz\/?page_id=39"},"modified":"2024-03-25T17:51:41","modified_gmt":"2024-03-25T17:51:41","slug":"pripravne-jizdy-na-kapitanske-zkousky","status":"publish","type":"page","link":"https:\/\/www.sailingdreams.cz\/?page_id=39","title":{"rendered":"REKONDI\u010cN\u00cd A P\u0158\u00cdPRAVN\u00c9 PLAVBY"},"content":{"rendered":"\t\t<div data-elementor-type=\"wp-page\" data-elementor-id=\"39\" class=\"elementor elementor-39\" data-elementor-settings=\"[]\">\n\t\t\t\t\t\t<div class=\"elementor-inner\">\n\t\t\t\t\t\t\t<div class=\"elementor-section-wrap\">\n\t\t\t\t\t\t\t<section class=\"elementor-section elementor-top-section elementor-element elementor-element-f1a3c41 elementor-section-boxed elementor-section-height-default elementor-section-height-default\" data-id=\"f1a3c41\" data-element_type=\"section\">\n\t\t\t\t\t\t<div class=\"elementor-container elementor-column-gap-default\">\n\t\t\t\t\t\t\t<div class=\"elementor-row\">\n\t\t\t\t\t<div class=\"elementor-column elementor-col-100 elementor-top-column elementor-element elementor-element-ecd60c4\" data-id=\"ecd60c4\" data-element_type=\"column\">\n\t\t\t<div class=\"elementor-column-wrap elementor-element-populated\">\n\t\t\t\t\t\t\t<div class=\"elementor-widget-wrap\">\n\t\t\t\t\t\t<div class=\"elementor-element elementor-element-f9e53bc elementor-invisible elementor-widget elementor-widget-text-editor\" data-id=\"f9e53bc\" data-element_type=\"widget\" data-settings=\"{&quot;_animation&quot;:&quot;fadeIn&quot;,&quot;_animation_delay&quot;:200}\" data-widget_type=\"text-editor.default\">\n\t\t\t\t<div class=\"elementor-widget-container\">\n\t\t\t\t\t<div class=\"elementor-text-editor elementor-clearfix\"><p>N\u011bkolikr\u00e1t za sezonu nab\u00edz\u00edme rekondi\u010dn\u00ed , p\u0159\u00edpravn\u00e9 kurzy a kurzy p\u0159\u00edstavn\u00edch man\u00e9vr\u016f&nbsp; Plavby prob\u00edhaj\u00ed v \u0158ecku z na\u0161\u00ed z\u00e1kladny na Korfosu pobl\u00ed\u017e Korintu. Pou\u017e\u00edv\u00e1me lo\u010f Jeanneau Sun Odyssey 42.2 nebo 45.5. C\u00edlem je zv\u00fd\u0161it praktick\u00e9 i teoretick\u00e9 znalosti \u00fa\u010dastn\u00edk\u016f, p\u0159ipravit je na vlastn\u00ed plavby na sezonu \u010di na p\u0159\u00edpadn\u00e9 budouc\u00ed kapit\u00e1nsk\u00e9 kurzy a\u0165 u\u017e RYA Day skipper \u010di Coastal skipper nebo kurzy MD\u010cR.<\/p>\n<p>Pokud projdete n\u00e1\u0161 rekondi\u010dn\u00ed kurz , obnov\u00edme va\u0161e schopnosti a zv\u00fd\u0161\u00edme sebev\u011bdom\u00ed a snad v\u00e1s nau\u010d\u00edme i p\u00e1r nov\u00fdch trik\u016f . Po na\u0161em p\u0159\u00edpravn\u00e9m kurzu, na kter\u00fd m\u016f\u017ee p\u0159ij\u00edt i upln\u00fd za\u010d\u00e1te\u010dn\u00edk , prob\u00edh\u00e1 kapit\u00e1nsk\u00fd kurz mnohem snadn\u011bji. Vych\u00e1z\u00edme z metodiky RYA a zam\u011b\u0159ujeme se na z\u00e1kladn\u00ed i pokro\u010dilej\u0161\u00ed dovednosti nutn\u00e9 p\u0159i \u0159\u00edzen\u00ed lod\u011b&nbsp; Kurz p\u0159\u00edstavn\u00edch man\u00e9vr\u016f je ur\u010den pro Ty, pro kter\u00e9 je pr\u00e1v\u011b&nbsp;<span style=\"font-family: Raleway, sans-serif; font-size: 14px; font-style: normal; letter-spacing: 0px;\">.vyplouv\u00e1n\u00ed a zaplouv\u00e1n\u00ed od pontonu no\u010dn\u00ed m\u016frou. Kurz je velmi intenzivn\u00ed a vyzkou\u0161\u00edte si dokov\u00e1n\u00ed a odplut\u00ed r\u016fzn\u00fdmi zp\u016fsoby a za r\u016fzn\u00fdch podm\u00ednek<\/span><\/p><p>&nbsp;<\/p>\n<p>Sna\u017e\u00edme se ka\u017ed\u00e9mu \u00fa\u010dastn\u00edkovi v\u011bnovat individu\u00e1ln\u011b podle jeho dosavadn\u00edch schopnost\u00ed a b\u011bhem p\u0159\u00edpravn\u00e9ho t\u00fddne mu d\u00e1t to, co v jachtingu pr\u00e1v\u011b pot\u0159ebuje.<br>Forma je nicm\u00e9n\u011b velmi p\u0159\u00e1telsk\u00e1 a krom\u011b drillu se sna\u017e\u00edme i u\u017e\u00edt pohody Saronsk\u00e9ho z\u00e1livu.<\/p><p>Cena kurzu, pokud nen\u00ed specieln\u011b stanovena jinak, b\u00fdv\u00e1 15.000 CZK za osobu . V cen\u011b je p\u016fj\u010den\u00ed lod\u011b a pr\u00e1ce instruktora. Po\u010d\u00edtat mus\u00edte nav\u00edc s dopravou ,transitlogem a p\u0159\u00edsp\u011bvkem na j\u00eddlo a PHM do spole\u010dn\u00e9 pokladny.<\/p><\/div>\n\t\t\t\t<\/div>\n\t\t\t\t<\/div>\n\t\t\t\t\t\t<\/div>\n\t\t\t\t\t<\/div>\n\t\t<\/div>\n\t\t\t\t\t\t\t\t<\/div>\n\t\t\t\t\t<\/div>\n\t\t<\/section>\n\t\t\t\t\t\t<\/div>\n\t\t\t\t\t\t<\/div>\n\t\t\t\t\t<\/div>\n\t\t","protected":false},"excerpt":{"rendered":"<p>N\u011bkolikr\u00e1t za sezonu nab\u00edz\u00edme rekondi\u010dn\u00ed , p\u0159\u00edpravn\u00e9 kurzy a kurzy p\u0159\u00edstavn\u00edch man\u00e9vr\u016f&nbsp; Plavby prob\u00edhaj\u00ed v \u0158ecku z na\u0161\u00ed z\u00e1kladny na Korfosu pobl\u00ed\u017e Korintu. Pou\u017e\u00edv\u00e1me lo\u010f Jeanneau Sun Odyssey 42.2 nebo 45.5. C\u00edlem je zv\u00fd\u0161it praktick\u00e9 i teoretick\u00e9 znalosti \u00fa\u010dastn\u00edk\u016f, p\u0159ipravit je na vlastn\u00ed plavby na sezonu \u010di na p\u0159\u00edpadn\u00e9 budouc\u00ed kapit\u00e1nsk\u00e9 kurzy a\u0165 u\u017e RYA<\/p>\n","protected":false},"author":1,"featured_media":0,"parent":35,"menu_order":1,"comment_status":"closed","ping_status":"closed","template":"","meta":[],"_links":{"self":[{"href":"https:\/\/www.sailingdreams.cz\/index.php?rest_route=\/wp\/v2\/pages\/39"}],"collection":[{"href":"https:\/\/www.sailingdreams.cz\/index.php?rest_route=\/wp\/v2\/pages"}],"about":[{"href":"https:\/\/www.sailingdreams.cz\/index.php?rest_route=\/wp\/v2\/types\/page"}],"author":[{"embeddable":true,"href":"https:\/\/www.sailingdreams.cz\/index.php?rest_route=\/wp\/v2\/users\/1"}],"replies":[{"embeddable":true,"href":"https:\/\/www.sailingdreams.cz\/index.php?rest_route=%2Fwp%2Fv2%2Fcomments&post=39"}],"version-history":[{"count":6,"href":"https:\/\/www.sailingdreams.cz\/index.php?rest_route=\/wp\/v2\/pages\/39\/revisions"}],"predecessor-version":[{"id":447,"href":"https:\/\/www.sailingdreams.cz\/index.php?rest_route=\/wp\/v2\/pages\/39\/revisions\/447"}],"up":[{"embeddable":true,"href":"https:\/\/www.sailingdreams.cz\/index.php?rest_route=\/wp\/v2\/pages\/35"}],"wp:attachment":[{"href":"https:\/\/www.sailingdreams.cz\/index.php?rest_route=%2Fwp%2Fv2%2Fmedia&parent=39"}],"curies":[{"name":"wp","href":"https:\/\/api.w.org\/{rel}","templated":true}]}}