{"id":37,"date":"2020-05-22T14:26:24","date_gmt":"2020-05-22T14:26:24","guid":{"rendered":"http:\/\/www.sailingdreams.cz\/?page_id=37"},"modified":"2024-03-25T18:12:18","modified_gmt":"2024-03-25T18:12:18","slug":"kapitanske-kurzy-rya-ve-skotsku","status":"publish","type":"page","link":"https:\/\/www.sailingdreams.cz\/?page_id=37","title":{"rendered":"KAPIT\u00c1NSK\u00c9 KURZY C MD \u010cR"},"content":{"rendered":"\t\t<div data-elementor-type=\"wp-page\" data-elementor-id=\"37\" class=\"elementor elementor-37\" data-elementor-settings=\"[]\">\n\t\t\t\t\t\t<div class=\"elementor-inner\">\n\t\t\t\t\t\t\t<div class=\"elementor-section-wrap\">\n\t\t\t\t\t\t\t<section class=\"elementor-section elementor-top-section elementor-element elementor-element-452a5c8 elementor-section-boxed elementor-section-height-default elementor-section-height-default\" data-id=\"452a5c8\" data-element_type=\"section\">\n\t\t\t\t\t\t<div class=\"elementor-container elementor-column-gap-default\">\n\t\t\t\t\t\t\t<div class=\"elementor-row\">\n\t\t\t\t\t<div class=\"elementor-column elementor-col-100 elementor-top-column elementor-element elementor-element-8865b76\" data-id=\"8865b76\" data-element_type=\"column\">\n\t\t\t<div class=\"elementor-column-wrap elementor-element-populated\">\n\t\t\t\t\t\t\t<div class=\"elementor-widget-wrap\">\n\t\t\t\t\t\t<div class=\"elementor-element elementor-element-97cdf4b elementor-invisible elementor-widget elementor-widget-text-editor\" data-id=\"97cdf4b\" data-element_type=\"widget\" data-settings=\"{&quot;_animation&quot;:&quot;fadeIn&quot;,&quot;_animation_delay&quot;:200}\" data-widget_type=\"text-editor.default\">\n\t\t\t\t<div class=\"elementor-widget-container\">\n\t\t\t\t\t<div class=\"elementor-text-editor elementor-clearfix\"><p>&nbsp;Nab\u00edz\u00edme V\u00e1m velmi kvalitn\u00ed, metodicky propracovan\u00e9 a dob\u0159e \u0159\u00edzen\u00e9 praktick\u00e9 kurzy C MD\u010cR<br>Prob\u00edhaj\u00ed v \u0158ecku na plachetnici Jeanneau s.o. 42 nebo Jeanneau s.o 45.&nbsp; V\u00fdchoz\u00edm bodem je na\u0161e z\u00e1kladna v m\u011bste\u010dku Korfos u Korintu.&nbsp; .&nbsp;<\/p><p>B\u011bhem kurzu si osvoj\u00edte v\u0161echny nutn\u00e9 dovednosti kapit\u00e1na od znalosti lod\u011b,&nbsp; bezpe\u010dnosti , p\u0159\u00edstavn\u00ed man\u00e9vry, kotven, plavbu pod plachtami , z\u00e1kladn\u00ed man\u00e9vry, postaven\u00ed lodi do driftu, chyt\u00e1n\u00ed bojky, man\u00e9vr MOB, veden\u00ed pos\u00e1dky&nbsp; &nbsp;Kurz je dopln\u011bn ka\u017edodenn\u00ed teoretickou lekc\u00ed , \u00dasp\u011b\u0161n\u00ed absolventi obdr\u017e\u00ed v p\u00e1tek certifik\u00e1t o slo\u017een\u00ed praktick\u00e9 zkou\u0161ky C MD\u010cR a hlavn\u011b vybaven\u00ed z\u00e1kladn\u00edmi znalostmi nutn\u00fdmi k ovl\u00e1d\u00e1n\u00ed lod\u011b.&nbsp; &nbsp;.<\/p><p>Instruktorem na t\u011bchto kurzech je Petr Bla\u017eek , zku\u0161en\u00fd a klidn\u00fd instruktor, RYA\/MCA Yachtmaster offshore.<\/p><p><span style=\"font-family: Raleway, sans-serif; font-size: 14px; font-style: normal; letter-spacing: 0px;\">Cena kurzu, pokud nen\u00ed specieln\u011b stanovena jinak, b\u00fdv\u00e1 15.000 CZK za osobu . V cen\u011b je p\u016fj\u010den\u00ed lod\u011b a pr\u00e1ce instruktora. Po\u010d\u00edtat mus\u00edte nav\u00edc s dopravou ,transitlogem a p\u0159\u00edsp\u011bvkem na j\u00eddlo a PHM do spole\u010dn\u00e9 pokladny.<\/span>&nbsp;<\/p><\/div>\n\t\t\t\t<\/div>\n\t\t\t\t<\/div>\n\t\t\t\t\t\t<\/div>\n\t\t\t\t\t<\/div>\n\t\t<\/div>\n\t\t\t\t\t\t\t\t<\/div>\n\t\t\t\t\t<\/div>\n\t\t<\/section>\n\t\t\t\t\t\t<\/div>\n\t\t\t\t\t\t<\/div>\n\t\t\t\t\t<\/div>\n\t\t","protected":false},"excerpt":{"rendered":"<p>&nbsp;Nab\u00edz\u00edme V\u00e1m velmi kvalitn\u00ed, metodicky propracovan\u00e9 a dob\u0159e \u0159\u00edzen\u00e9 praktick\u00e9 kurzy C MD\u010cR Prob\u00edhaj\u00ed v \u0158ecku na plachetnici Jeanneau s.o. 42 nebo Jeanneau s.o 45.&nbsp; V\u00fdchoz\u00edm bodem je na\u0161e z\u00e1kladna v m\u011bste\u010dku Korfos u Korintu.&nbsp; .&nbsp; B\u011bhem kurzu si osvoj\u00edte v\u0161echny nutn\u00e9 dovednosti kapit\u00e1na od znalosti lod\u011b,&nbsp; bezpe\u010dnosti , p\u0159\u00edstavn\u00ed man\u00e9vry, kotven, plavbu pod plachtami<\/p>\n","protected":false},"author":1,"featured_media":0,"parent":35,"menu_order":0,"comment_status":"closed","ping_status":"closed","template":"","meta":[],"_links":{"self":[{"href":"https:\/\/www.sailingdreams.cz\/index.php?rest_route=\/wp\/v2\/pages\/37"}],"collection":[{"href":"https:\/\/www.sailingdreams.cz\/index.php?rest_route=\/wp\/v2\/pages"}],"about":[{"href":"https:\/\/www.sailingdreams.cz\/index.php?rest_route=\/wp\/v2\/types\/page"}],"author":[{"embeddable":true,"href":"https:\/\/www.sailingdreams.cz\/index.php?rest_route=\/wp\/v2\/users\/1"}],"replies":[{"embeddable":true,"href":"https:\/\/www.sailingdreams.cz\/index.php?rest_route=%2Fwp%2Fv2%2Fcomments&post=37"}],"version-history":[{"count":7,"href":"https:\/\/www.sailingdreams.cz\/index.php?rest_route=\/wp\/v2\/pages\/37\/revisions"}],"predecessor-version":[{"id":451,"href":"https:\/\/www.sailingdreams.cz\/index.php?rest_route=\/wp\/v2\/pages\/37\/revisions\/451"}],"up":[{"embeddable":true,"href":"https:\/\/www.sailingdreams.cz\/index.php?rest_route=\/wp\/v2\/pages\/35"}],"wp:attachment":[{"href":"https:\/\/www.sailingdreams.cz\/index.php?rest_route=%2Fwp%2Fv2%2Fmedia&parent=37"}],"curies":[{"name":"wp","href":"https:\/\/api.w.org\/{rel}","templated":true}]}}