{"id":254,"date":"2020-06-24T13:21:57","date_gmt":"2020-06-24T13:21:57","guid":{"rendered":"http:\/\/www.sailingdreams.cz\/?page_id=254"},"modified":"2020-08-25T11:55:30","modified_gmt":"2020-08-25T11:55:30","slug":"aktualni-plavby","status":"publish","type":"page","link":"https:\/\/www.sailingdreams.cz\/?page_id=254","title":{"rendered":"AKTU\u00c1LN\u00cd PLAVBY"},"content":{"rendered":"\t\t<div data-elementor-type=\"wp-page\" data-elementor-id=\"254\" class=\"elementor elementor-254\" data-elementor-settings=\"[]\">\n\t\t\t\t\t\t<div class=\"elementor-inner\">\n\t\t\t\t\t\t\t<div class=\"elementor-section-wrap\">\n\t\t\t\t\t\t\t<section class=\"elementor-section elementor-top-section elementor-element elementor-element-b9cf5b2 elementor-section-boxed elementor-section-height-default elementor-section-height-default\" data-id=\"b9cf5b2\" data-element_type=\"section\">\n\t\t\t\t\t\t<div class=\"elementor-container elementor-column-gap-default\">\n\t\t\t\t\t\t\t<div class=\"elementor-row\">\n\t\t\t\t\t<div class=\"elementor-column elementor-col-100 elementor-top-column elementor-element elementor-element-3076094\" data-id=\"3076094\" data-element_type=\"column\">\n\t\t\t<div class=\"elementor-column-wrap elementor-element-populated\">\n\t\t\t\t\t\t\t<div class=\"elementor-widget-wrap\">\n\t\t\t\t\t\t<div class=\"elementor-element elementor-element-d088fab elementor-grid-eael-col-4 elementor-grid-tablet-eael-col-2 elementor-grid-mobile-eael-col-1 elementor-invisible elementor-widget elementor-widget-eael-post-grid\" data-id=\"d088fab\" data-element_type=\"widget\" data-settings=\"{&quot;_animation&quot;:&quot;fadeIn&quot;,&quot;eael_post_grid_columns&quot;:&quot;eael-col-4&quot;,&quot;eael_post_grid_columns_tablet&quot;:&quot;eael-col-2&quot;,&quot;eael_post_grid_columns_mobile&quot;:&quot;eael-col-1&quot;}\" data-widget_type=\"eael-post-grid.default\">\n\t\t\t\t<div class=\"elementor-widget-container\">\n\t\t\t<div id=\"eael-post-grid-d088fab\" class=\"eael-post-grid-container\">\n            <div class=\"eael-post-grid eael-post-appender eael-post-appender-d088fab eael-post-grid-style-default\" data-layout-mode=\"grid\"><p class=\"no-posts-found\">No posts found!<\/p><\/div>\n            <div class=\"clearfix\"><\/div>\n        <\/div>\t\t<\/div>\n\t\t\t\t<\/div>\n\t\t\t\t\t\t<\/div>\n\t\t\t\t\t<\/div>\n\t\t<\/div>\n\t\t\t\t\t\t\t\t<\/div>\n\t\t\t\t\t<\/div>\n\t\t<\/section>\n\t\t\t\t<section class=\"elementor-section elementor-top-section elementor-element elementor-element-ef154f4 elementor-section-boxed elementor-section-height-default elementor-section-height-default\" data-id=\"ef154f4\" data-element_type=\"section\">\n\t\t\t\t\t\t<div class=\"elementor-container elementor-column-gap-default\">\n\t\t\t\t\t\t\t<div class=\"elementor-row\">\n\t\t\t\t\t<div class=\"elementor-column elementor-col-100 elementor-top-column elementor-element elementor-element-5582e59\" data-id=\"5582e59\" data-element_type=\"column\">\n\t\t\t<div class=\"elementor-column-wrap elementor-element-populated\">\n\t\t\t\t\t\t\t<div class=\"elementor-widget-wrap\">\n\t\t\t\t\t\t<div class=\"elementor-element elementor-element-ba52f60 elementor-align-center elementor-widget elementor-widget-button\" data-id=\"ba52f60\" data-element_type=\"widget\" data-widget_type=\"button.default\">\n\t\t\t\t<div class=\"elementor-widget-container\">\n\t\t\t\t\t<div class=\"elementor-button-wrapper\">\n\t\t\t<a href=\"http:\/\/www.sachmetsail.cz\/\" target=\"_blank\" class=\"elementor-button-link elementor-button elementor-size-md\" role=\"button\">\n\t\t\t\t\t\t<span class=\"elementor-button-content-wrapper\">\n\t\t\t\t\t\t<span class=\"elementor-button-text\">Rezerva\u010dn\u00ed syst\u00e9m zde<\/span>\n\t\t<\/span>\n\t\t\t\t\t<\/a>\n\t\t<\/div>\n\t\t\t\t<\/div>\n\t\t\t\t<\/div>\n\t\t\t\t\t\t<\/div>\n\t\t\t\t\t<\/div>\n\t\t<\/div>\n\t\t\t\t\t\t\t\t<\/div>\n\t\t\t\t\t<\/div>\n\t\t<\/section>\n\t\t\t\t\t\t<\/div>\n\t\t\t\t\t\t<\/div>\n\t\t\t\t\t<\/div>\n\t\t","protected":false},"excerpt":{"rendered":"<p>REKONDI\u010cN\u00cd A P\u0158\u00cdPRAVN\u00c1 PLAVBA KORFOS 29. srpna-5. z\u00e1\u0159\u00ed&#8230; \u010ct\u011bte v\u00edce D\u011aTSK\u00c1 PLAVBA ODYSSEA 8.-15. srpna 2020&#8230; \u010ct\u011bte v\u00edce Z\u00c1\u017dITKOV\u00c1 PLAVBA KYKLADY 18.-31. \u010dervence 2020&#8230; \u010ct\u011bte v\u00edce T\u00ddDENN\u00cd POZN\u00c1VAC\u00cd A RELAXA\u010cN\u00cd PLAVBA V SARONSK\u00c9M Z\u00c1LIVU 4.-10. \u010dervence 2020&#8230; \u010ct\u011bte v\u00edce Rezerva\u010dn\u00ed syst\u00e9m zde<\/p>\n","protected":false},"author":1,"featured_media":0,"parent":7,"menu_order":1,"comment_status":"closed","ping_status":"closed","template":"","meta":[],"_links":{"self":[{"href":"https:\/\/www.sailingdreams.cz\/index.php?rest_route=\/wp\/v2\/pages\/254"}],"collection":[{"href":"https:\/\/www.sailingdreams.cz\/index.php?rest_route=\/wp\/v2\/pages"}],"about":[{"href":"https:\/\/www.sailingdreams.cz\/index.php?rest_route=\/wp\/v2\/types\/page"}],"author":[{"embeddable":true,"href":"https:\/\/www.sailingdreams.cz\/index.php?rest_route=\/wp\/v2\/users\/1"}],"replies":[{"embeddable":true,"href":"https:\/\/www.sailingdreams.cz\/index.php?rest_route=%2Fwp%2Fv2%2Fcomments&post=254"}],"version-history":[{"count":20,"href":"https:\/\/www.sailingdreams.cz\/index.php?rest_route=\/wp\/v2\/pages\/254\/revisions"}],"predecessor-version":[{"id":361,"href":"https:\/\/www.sailingdreams.cz\/index.php?rest_route=\/wp\/v2\/pages\/254\/revisions\/361"}],"up":[{"embeddable":true,"href":"https:\/\/www.sailingdreams.cz\/index.php?rest_route=\/wp\/v2\/pages\/7"}],"wp:attachment":[{"href":"https:\/\/www.sailingdreams.cz\/index.php?rest_route=%2Fwp%2Fv2%2Fmedia&parent=254"}],"curies":[{"name":"wp","href":"https:\/\/api.w.org\/{rel}","templated":true}]}}