{"id":16,"date":"2020-05-20T16:12:42","date_gmt":"2020-05-20T16:12:42","guid":{"rendered":"http:\/\/www.sailingdreams.cz\/?page_id=16"},"modified":"2020-05-22T18:18:52","modified_gmt":"2020-05-22T18:18:52","slug":"reference","status":"publish","type":"page","link":"https:\/\/www.sailingdreams.cz\/?page_id=16","title":{"rendered":"REFERENCE"},"content":{"rendered":"\n<p>Str\u00e1nky se p\u0159ipravuj\u00ed<\/p>\n","protected":false},"excerpt":{"rendered":"<p>Str\u00e1nky se p\u0159ipravuj\u00ed<\/p>\n","protected":false},"author":1,"featured_media":0,"parent":0,"menu_order":0,"comment_status":"closed","ping_status":"closed","template":"","meta":[],"_links":{"self":[{"href":"https:\/\/www.sailingdreams.cz\/index.php?rest_route=\/wp\/v2\/pages\/16"}],"collection":[{"href":"https:\/\/www.sailingdreams.cz\/index.php?rest_route=\/wp\/v2\/pages"}],"about":[{"href":"https:\/\/www.sailingdreams.cz\/index.php?rest_route=\/wp\/v2\/types\/page"}],"author":[{"embeddable":true,"href":"https:\/\/www.sailingdreams.cz\/index.php?rest_route=\/wp\/v2\/users\/1"}],"replies":[{"embeddable":true,"href":"https:\/\/www.sailingdreams.cz\/index.php?rest_route=%2Fwp%2Fv2%2Fcomments&post=16"}],"version-history":[{"count":2,"href":"https:\/\/www.sailingdreams.cz\/index.php?rest_route=\/wp\/v2\/pages\/16\/revisions"}],"predecessor-version":[{"id":99,"href":"https:\/\/www.sailingdreams.cz\/index.php?rest_route=\/wp\/v2\/pages\/16\/revisions\/99"}],"wp:attachment":[{"href":"https:\/\/www.sailingdreams.cz\/index.php?rest_route=%2Fwp%2Fv2%2Fmedia&parent=16"}],"curies":[{"name":"wp","href":"https:\/\/api.w.org\/{rel}","templated":true}]}}