{"id":154,"date":"2020-06-05T16:25:00","date_gmt":"2020-06-05T16:25:00","guid":{"rendered":"http:\/\/www.sailingdreams.cz\/?page_id=154"},"modified":"2024-03-25T18:18:46","modified_gmt":"2024-03-25T18:18:46","slug":"detske-plavby","status":"publish","type":"page","link":"https:\/\/www.sailingdreams.cz\/?page_id=154","title":{"rendered":"SPECI\u00c1LN\u00cd  PLAVBY"},"content":{"rendered":"\t\t<div data-elementor-type=\"wp-page\" data-elementor-id=\"154\" class=\"elementor elementor-154\" data-elementor-settings=\"[]\">\n\t\t\t\t\t\t<div class=\"elementor-inner\">\n\t\t\t\t\t\t\t<div class=\"elementor-section-wrap\">\n\t\t\t\t\t\t\t<section class=\"elementor-section elementor-top-section elementor-element elementor-element-0851f07 elementor-section-boxed elementor-section-height-default elementor-section-height-default\" data-id=\"0851f07\" data-element_type=\"section\">\n\t\t\t\t\t\t<div class=\"elementor-container elementor-column-gap-default\">\n\t\t\t\t\t\t\t<div class=\"elementor-row\">\n\t\t\t\t\t<div class=\"elementor-column elementor-col-100 elementor-top-column elementor-element elementor-element-a081fd7\" data-id=\"a081fd7\" data-element_type=\"column\">\n\t\t\t<div class=\"elementor-column-wrap elementor-element-populated\">\n\t\t\t\t\t\t\t<div class=\"elementor-widget-wrap\">\n\t\t\t\t\t\t<div class=\"elementor-element elementor-element-a1f2e41 elementor-widget elementor-widget-text-editor\" data-id=\"a1f2e41\" data-element_type=\"widget\" data-widget_type=\"text-editor.default\">\n\t\t\t\t<div class=\"elementor-widget-container\">\n\t\t\t\t\t<div class=\"elementor-text-editor elementor-clearfix\"><p>Ka\u017ed\u00fd rok p\u0159ipravujeme alespo\u0148 jednu speci\u00e1ln\u00ed plavbu. Pro rok 2024 to bude z\u00e1\u0159ijov\u00e1 plavba Singing and Sailing . \u00da\u010dastn\u00edci si ve flotile dvou lod\u00ed u\u017eij\u00ed nejen pohodovou plavbu v Saronsk\u00e9m z\u00e1livu, ale i ve\u010dern\u00ed zp\u00edv\u00e1n\u00ed s kytarami. A nebude to zp\u00edv\u00e1n\u00ed ledajak\u00e9. Plavby se \u00fa\u010dastn\u00ed i&nbsp; zp\u011bva\u010dky skupiny CF Sistrum . Pokud v\u00e1s bav\u00ed plout a zp\u00edvat, nenechte si uj\u00edt . . Aktu\u00e1ln\u00ed ud\u00e1losti sledujte na na\u0161em <a href=\"https:\/\/www.facebook.com\/pg\/plavby.kurzy.charter.delivery.opravy\/events\/?ref=page_internal\">FACEBOOKU<\/a><\/p><\/div>\n\t\t\t\t<\/div>\n\t\t\t\t<\/div>\n\t\t\t\t\t\t<\/div>\n\t\t\t\t\t<\/div>\n\t\t<\/div>\n\t\t\t\t\t\t\t\t<\/div>\n\t\t\t\t\t<\/div>\n\t\t<\/section>\n\t\t\t\t\t\t<\/div>\n\t\t\t\t\t\t<\/div>\n\t\t\t\t\t<\/div>\n\t\t","protected":false},"excerpt":{"rendered":"<p>Ka\u017ed\u00fd rok p\u0159ipravujeme alespo\u0148 jednu speci\u00e1ln\u00ed plavbu. Pro rok 2024 to bude z\u00e1\u0159ijov\u00e1 plavba Singing and Sailing . \u00da\u010dastn\u00edci si ve flotile dvou lod\u00ed u\u017eij\u00ed nejen pohodovou plavbu v Saronsk\u00e9m z\u00e1livu, ale i ve\u010dern\u00ed zp\u00edv\u00e1n\u00ed s kytarami. A nebude to zp\u00edv\u00e1n\u00ed ledajak\u00e9. Plavby se \u00fa\u010dastn\u00ed i&nbsp; zp\u011bva\u010dky skupiny CF Sistrum . Pokud v\u00e1s bav\u00ed plout<\/p>\n","protected":false},"author":1,"featured_media":0,"parent":7,"menu_order":4,"comment_status":"closed","ping_status":"closed","template":"","meta":[],"_links":{"self":[{"href":"https:\/\/www.sailingdreams.cz\/index.php?rest_route=\/wp\/v2\/pages\/154"}],"collection":[{"href":"https:\/\/www.sailingdreams.cz\/index.php?rest_route=\/wp\/v2\/pages"}],"about":[{"href":"https:\/\/www.sailingdreams.cz\/index.php?rest_route=\/wp\/v2\/types\/page"}],"author":[{"embeddable":true,"href":"https:\/\/www.sailingdreams.cz\/index.php?rest_route=\/wp\/v2\/users\/1"}],"replies":[{"embeddable":true,"href":"https:\/\/www.sailingdreams.cz\/index.php?rest_route=%2Fwp%2Fv2%2Fcomments&post=154"}],"version-history":[{"count":6,"href":"https:\/\/www.sailingdreams.cz\/index.php?rest_route=\/wp\/v2\/pages\/154\/revisions"}],"predecessor-version":[{"id":455,"href":"https:\/\/www.sailingdreams.cz\/index.php?rest_route=\/wp\/v2\/pages\/154\/revisions\/455"}],"up":[{"embeddable":true,"href":"https:\/\/www.sailingdreams.cz\/index.php?rest_route=\/wp\/v2\/pages\/7"}],"wp:attachment":[{"href":"https:\/\/www.sailingdreams.cz\/index.php?rest_route=%2Fwp%2Fv2%2Fmedia&parent=154"}],"curies":[{"name":"wp","href":"https:\/\/api.w.org\/{rel}","templated":true}]}}