{"id":150,"date":"2020-06-05T16:24:06","date_gmt":"2020-06-05T16:24:06","guid":{"rendered":"http:\/\/www.sailingdreams.cz\/?page_id=150"},"modified":"2024-03-26T11:16:38","modified_gmt":"2024-03-26T11:16:38","slug":"charter-s-kapitanem","status":"publish","type":"page","link":"https:\/\/www.sailingdreams.cz\/?page_id=150","title":{"rendered":"CHARTER S KAPIT\u00c1NEM"},"content":{"rendered":"\t\t<div data-elementor-type=\"wp-page\" data-elementor-id=\"150\" class=\"elementor elementor-150\" data-elementor-settings=\"[]\">\n\t\t\t\t\t\t<div class=\"elementor-inner\">\n\t\t\t\t\t\t\t<div class=\"elementor-section-wrap\">\n\t\t\t\t\t\t\t<section class=\"elementor-section elementor-top-section elementor-element elementor-element-9815d24 elementor-section-boxed elementor-section-height-default elementor-section-height-default\" data-id=\"9815d24\" data-element_type=\"section\">\n\t\t\t\t\t\t<div class=\"elementor-container elementor-column-gap-default\">\n\t\t\t\t\t\t\t<div class=\"elementor-row\">\n\t\t\t\t\t<div class=\"elementor-column elementor-col-100 elementor-top-column elementor-element elementor-element-d985125\" data-id=\"d985125\" data-element_type=\"column\">\n\t\t\t<div class=\"elementor-column-wrap elementor-element-populated\">\n\t\t\t\t\t\t\t<div class=\"elementor-widget-wrap\">\n\t\t\t\t\t\t<div class=\"elementor-element elementor-element-ba58f7f elementor-widget elementor-widget-text-editor\" data-id=\"ba58f7f\" data-element_type=\"widget\" data-widget_type=\"text-editor.default\">\n\t\t\t\t<div class=\"elementor-widget-container\">\n\t\t\t\t\t<div class=\"elementor-text-editor elementor-clearfix\"><p style=\"text-align: left;\">Pokud nevlastn\u00edte vhodnou kapit\u00e1nskou licenci, nebo pokud si chcete u\u017e\u00edt dovolenou v klidu ,nab\u00edz\u00edme v\u00e1m mo\u017enost vyu\u017e\u00edt slu\u017eeb n\u011bkter\u00e9ho z na\u0161ich kapit\u00e1n\u016f.&nbsp; &nbsp; &nbsp; &nbsp; &nbsp; &nbsp; &nbsp;<span style=\"font-family: 'Open Sans', sans-serif; font-size: 14px; font-style: normal; letter-spacing: 0px;\">Ka\u017ed\u00fd z nich je v\u00fdborn\u00fd jachta\u0159 s vysokou kvalifikac\u00ed, v\u0161ichni znaj\u00ed m\u00edstn\u00ed vody a kotvi\u0161t\u011b a m\u00edsta vhodn\u00e1 pro shl\u00e9dnut\u00ed \u010di zast\u00e1vku. Nav\u00edc jsou komunikativn\u00ed a sna\u017e\u00ed se pos\u00e1dce plavbu maxim\u00e1ln\u011b zp\u0159\u00edjemnit.<\/span><\/p>\n<p style=\"text-align: left;\"><span style=\"font-family: 'Open Sans', sans-serif; font-size: 14px; font-style: normal; letter-spacing: 0px;\">Pro plavbu nab\u00edz\u00edme plachetncic Jeanneau s.o.42.2 ESET .<\/span><span style=\"font-size: 14px; letter-spacing: 0px;\">Solidn\u00ed odoln\u00e1 lo\u010f vybaven\u00e1 I pro nep\u0159\u00edze\u0148 po\u010das\u00ed.<\/span><\/p>\n<p>Jej\u00ed p\u0159ednost\u00ed je variabiln\u00ed p\u0159\u00ed\u010fov\u00e1 kajuta s bo\u010dn\u00ed palandovou kajutou. Maxim\u00e1ln\u011b pojme 10 lid\u00ed, velice pohodln\u00e1 pro 6-7 osob. Vzhledem k po\u017eadavk\u016fm \u0159eck\u00e9ho z\u00e1kona ji nabiz\u00edme pod \u0159eckou firmou ESET sailing .&nbsp;<\/p>\n<p>Cena lodi na t\u00fdden je 1.600 EUR . Mimo sez\u00f3nu dohodou. Slu\u017eby kapit\u00e1na na t\u00fdden poskytujeme za 1000 EUR.&nbsp; Na m\u00edst\u011b se plat\u00ed tranzitlog ve v\u00fd\u0161i 200 EUR. Kauci p\u0159i vyu\u017eit\u00ed na\u0161eho kapit\u00e1na neplat\u00edte.<\/p>\n<p><strong>Technick\u00e9 \u00fadaje lodi:<\/strong><\/p>\n<p>L.O.A.: 12,5 m<br>\u0161\u00ed\u0159ka: 4,05 m<br>ponor: 1,9 m<br>v\u00fdtlak: 9800 kg<br>palivo: 300 l<br>voda: 3*120 l<br>r.v.: 1999<br>kajuty\/l\u016f\u017eka: 4\/10 + salon<br>motor: \u010dty\u0159v\u00e1lec Yanmar<\/p>\n<p>trojlist\u00fd propeler, jedno kormidlo, gena na rolfoku, sp\u00edrov\u00e1 hlavn\u00ed plachta s t\u0159emi klasick\u00fdmi refy, va\u0159i\u010d s troubou, prostorn\u00e1 lednice, dv\u011b toalety, jedna z nich s koupelnou. Sklopen\u00edm stolu v salonu vznik\u00e1 prostorn\u00e9 dvoul\u016f\u017eko. Ve\u0161ker\u00e9 bezpe\u010dnostn\u00ed vybaven\u00ed dle z\u00e1kona, Pol\u0161t\u00e1\u0159e, deky, povle\u010den\u00ed a z\u00e1v\u011bre\u010dn\u00fd \u00faklid v cen\u011b.<\/p>\n<p><span style=\"font-family: Raleway, sans-serif; font-size: 14px; font-style: normal;\">Kontaktujte n\u00e1s v p\u0159\u00edpad\u011b z\u00e1jmu o jak\u00fdkoli term\u00edn&nbsp;<\/span><br><\/p><\/div>\n\t\t\t\t<\/div>\n\t\t\t\t<\/div>\n\t\t\t\t\t\t<\/div>\n\t\t\t\t\t<\/div>\n\t\t<\/div>\n\t\t\t\t\t\t\t\t<\/div>\n\t\t\t\t\t<\/div>\n\t\t<\/section>\n\t\t\t\t\t\t<\/div>\n\t\t\t\t\t\t<\/div>\n\t\t\t\t\t<\/div>\n\t\t","protected":false},"excerpt":{"rendered":"<p>Pokud nevlastn\u00edte vhodnou kapit\u00e1nskou licenci, nebo pokud si chcete u\u017e\u00edt dovolenou v klidu ,nab\u00edz\u00edme v\u00e1m mo\u017enost vyu\u017e\u00edt slu\u017eeb n\u011bkter\u00e9ho z na\u0161ich kapit\u00e1n\u016f.&nbsp; &nbsp; &nbsp; &nbsp; &nbsp; &nbsp; &nbsp;Ka\u017ed\u00fd z nich je v\u00fdborn\u00fd jachta\u0159 s vysokou kvalifikac\u00ed, v\u0161ichni znaj\u00ed m\u00edstn\u00ed vody a kotvi\u0161t\u011b a m\u00edsta vhodn\u00e1 pro shl\u00e9dnut\u00ed \u010di zast\u00e1vku. Nav\u00edc jsou komunikativn\u00ed a sna\u017e\u00ed se<\/p>\n","protected":false},"author":1,"featured_media":0,"parent":7,"menu_order":2,"comment_status":"closed","ping_status":"closed","template":"","meta":[],"_links":{"self":[{"href":"https:\/\/www.sailingdreams.cz\/index.php?rest_route=\/wp\/v2\/pages\/150"}],"collection":[{"href":"https:\/\/www.sailingdreams.cz\/index.php?rest_route=\/wp\/v2\/pages"}],"about":[{"href":"https:\/\/www.sailingdreams.cz\/index.php?rest_route=\/wp\/v2\/types\/page"}],"author":[{"embeddable":true,"href":"https:\/\/www.sailingdreams.cz\/index.php?rest_route=\/wp\/v2\/users\/1"}],"replies":[{"embeddable":true,"href":"https:\/\/www.sailingdreams.cz\/index.php?rest_route=%2Fwp%2Fv2%2Fcomments&post=150"}],"version-history":[{"count":8,"href":"https:\/\/www.sailingdreams.cz\/index.php?rest_route=\/wp\/v2\/pages\/150\/revisions"}],"predecessor-version":[{"id":483,"href":"https:\/\/www.sailingdreams.cz\/index.php?rest_route=\/wp\/v2\/pages\/150\/revisions\/483"}],"up":[{"embeddable":true,"href":"https:\/\/www.sailingdreams.cz\/index.php?rest_route=\/wp\/v2\/pages\/7"}],"wp:attachment":[{"href":"https:\/\/www.sailingdreams.cz\/index.php?rest_route=%2Fwp%2Fv2%2Fmedia&parent=150"}],"curies":[{"name":"wp","href":"https:\/\/api.w.org\/{rel}","templated":true}]}}