{"id":11,"date":"2020-05-20T16:10:55","date_gmt":"2020-05-20T16:10:55","guid":{"rendered":"http:\/\/www.sailingdreams.cz\/?page_id=11"},"modified":"2024-03-26T11:06:25","modified_gmt":"2024-03-26T11:06:25","slug":"udrzba-a-opravy-lodi","status":"publish","type":"page","link":"https:\/\/www.sailingdreams.cz\/?page_id=11","title":{"rendered":"\u00daDR\u017dBA A OPRAVY LOD\u00cd"},"content":{"rendered":"\t\t<div data-elementor-type=\"wp-page\" data-elementor-id=\"11\" class=\"elementor elementor-11\" data-elementor-settings=\"[]\">\n\t\t\t\t\t\t<div class=\"elementor-inner\">\n\t\t\t\t\t\t\t<div class=\"elementor-section-wrap\">\n\t\t\t\t\t\t\t<section class=\"elementor-section elementor-top-section elementor-element elementor-element-905a513 elementor-section-boxed elementor-section-height-default elementor-section-height-default\" data-id=\"905a513\" data-element_type=\"section\">\n\t\t\t\t\t\t<div class=\"elementor-container elementor-column-gap-default\">\n\t\t\t\t\t\t\t<div class=\"elementor-row\">\n\t\t\t\t\t<div class=\"elementor-column elementor-col-100 elementor-top-column elementor-element elementor-element-c24c545\" data-id=\"c24c545\" data-element_type=\"column\">\n\t\t\t<div class=\"elementor-column-wrap elementor-element-populated\">\n\t\t\t\t\t\t\t<div class=\"elementor-widget-wrap\">\n\t\t\t\t\t\t<div class=\"elementor-element elementor-element-5728da0 elementor-widget elementor-widget-text-editor\" data-id=\"5728da0\" data-element_type=\"widget\" data-widget_type=\"text-editor.default\">\n\t\t\t\t<div class=\"elementor-widget-container\">\n\t\t\t\t\t<div class=\"elementor-text-editor elementor-clearfix\"><p>Zku\u0161enost s vlastn\u00edmi plavidly n\u00e1s dovedla k pozn\u00e1n\u00ed, \u017ee \u00fadr\u017eba a opravy jsou jednou ze z\u00e1kladn\u00edch nutn\u00fdch schopnost\u00ed kapit\u00e1na a b\u011bhem let jsme postupn\u011b zvl\u00e1dli mnoh\u00e9 z devatera \u0159emesel. M\u00e1me mezi sebou nejen kutily, ale i profesion\u00e1ln\u00edho voda\u0159e, elektrik\u00e1\u0159e i z\u00e1me\u010dn\u00edka.<\/p><p>Pokud se V\u00e1m nechce \u0161pinit v n\u00e1dn\u00ed vod\u011b nebo je pro V\u00e1s oprava Va\u0161\u00ed lod\u011b p\u0159\u00edli\u0161 komplikovan\u00e1 \u010di \u010dasov\u011b n\u00e1ro\u010dn\u00e1, sv\u011b\u0159te ji n\u00e1m. Jsme schopni opravit t\u00e9m\u011b\u0159 v\u0161e. Ned\u011bl\u00e1me opravy plachet a pokud chcete opravit motor \u010di nainstalovat novou elektrotechniku, tak u n\u00e1s pouze z\u00e1kladn\u00ed opravy, \u00fadr\u017eba \u010di instalace. Jsme v\u0161ak schopni zkontaktovat v\u00e1s se specialisty motor\u00e1\u0159i \u010di elektrotechniky,\u00a0<\/p><p>Po kontaktu Va\u0161i lo\u010f bezplatn\u011b prohl\u00e9dneme a navrhneme V\u00e1m \u0159e\u0161en\u00ed, cenu a term\u00edn. Pro \u00fadr\u017ebu \u010di opravu Va\u0161\u00ed lod\u011b sestav\u00edme vhodn\u00fd t\u00fdm.<\/p><p>Pracujeme v \u010cR, SK a \u0158ecku.\u00a0<\/p><\/div>\n\t\t\t\t<\/div>\n\t\t\t\t<\/div>\n\t\t\t\t\t\t<\/div>\n\t\t\t\t\t<\/div>\n\t\t<\/div>\n\t\t\t\t\t\t\t\t<\/div>\n\t\t\t\t\t<\/div>\n\t\t<\/section>\n\t\t\t\t<section class=\"elementor-section elementor-top-section elementor-element elementor-element-3846416 elementor-section-boxed elementor-section-height-default elementor-section-height-default\" data-id=\"3846416\" data-element_type=\"section\">\n\t\t\t\t\t\t<div class=\"elementor-container elementor-column-gap-default\">\n\t\t\t\t\t\t\t<div class=\"elementor-row\">\n\t\t\t\t\t<div class=\"elementor-column elementor-col-100 elementor-top-column elementor-element elementor-element-27f35ec\" data-id=\"27f35ec\" data-element_type=\"column\">\n\t\t\t<div class=\"elementor-column-wrap elementor-element-populated\">\n\t\t\t\t\t\t\t<div class=\"elementor-widget-wrap\">\n\t\t\t\t\t\t<div class=\"elementor-element elementor-element-729eecd gallery-spacing-custom animated-slow elementor-invisible elementor-widget elementor-widget-image-gallery\" data-id=\"729eecd\" data-element_type=\"widget\" data-settings=\"{&quot;_animation&quot;:&quot;fadeIn&quot;,&quot;_animation_delay&quot;:800}\" data-widget_type=\"image-gallery.default\">\n\t\t\t\t<div class=\"elementor-widget-container\">\n\t\t\t\t\t<div class=\"elementor-image-gallery\">\n\t\t\t<div id='gallery-1' class='gallery galleryid-11 gallery-columns-3 gallery-size-medium_large'><figure class='gallery-item'>\n\t\t\t<div class='gallery-icon landscape'>\n\t\t\t\t<a data-elementor-open-lightbox=\"yes\" data-elementor-lightbox-slideshow=\"729eecd\" data-elementor-lightbox-title=\"opravy 3\" href='https:\/\/www.sailingdreams.cz\/wp-content\/uploads\/2020\/05\/opravy-3.jpeg'><img width=\"768\" height=\"576\" src=\"https:\/\/www.sailingdreams.cz\/wp-content\/uploads\/2020\/05\/opravy-3-768x576.jpeg\" class=\"attachment-medium_large size-medium_large\" alt=\"\" loading=\"lazy\" srcset=\"https:\/\/www.sailingdreams.cz\/wp-content\/uploads\/2020\/05\/opravy-3-768x576.jpeg 768w, https:\/\/www.sailingdreams.cz\/wp-content\/uploads\/2020\/05\/opravy-3-300x225.jpeg 300w, https:\/\/www.sailingdreams.cz\/wp-content\/uploads\/2020\/05\/opravy-3-1024x768.jpeg 1024w, https:\/\/www.sailingdreams.cz\/wp-content\/uploads\/2020\/05\/opravy-3-1536x1152.jpeg 1536w, https:\/\/www.sailingdreams.cz\/wp-content\/uploads\/2020\/05\/opravy-3.jpeg 2048w\" sizes=\"(max-width: 768px) 100vw, 768px\" \/><\/a>\n\t\t\t<\/div><\/figure><figure class='gallery-item'>\n\t\t\t<div class='gallery-icon landscape'>\n\t\t\t\t<a data-elementor-open-lightbox=\"yes\" data-elementor-lightbox-slideshow=\"729eecd\" data-elementor-lightbox-title=\"opravy 4\" href='https:\/\/www.sailingdreams.cz\/wp-content\/uploads\/2020\/05\/opravy-4.jpeg'><img width=\"768\" height=\"576\" src=\"https:\/\/www.sailingdreams.cz\/wp-content\/uploads\/2020\/05\/opravy-4-768x576.jpeg\" class=\"attachment-medium_large size-medium_large\" alt=\"\" loading=\"lazy\" srcset=\"https:\/\/www.sailingdreams.cz\/wp-content\/uploads\/2020\/05\/opravy-4-768x576.jpeg 768w, https:\/\/www.sailingdreams.cz\/wp-content\/uploads\/2020\/05\/opravy-4-300x225.jpeg 300w, https:\/\/www.sailingdreams.cz\/wp-content\/uploads\/2020\/05\/opravy-4-1024x768.jpeg 1024w, https:\/\/www.sailingdreams.cz\/wp-content\/uploads\/2020\/05\/opravy-4-1536x1152.jpeg 1536w, https:\/\/www.sailingdreams.cz\/wp-content\/uploads\/2020\/05\/opravy-4.jpeg 2048w\" sizes=\"(max-width: 768px) 100vw, 768px\" \/><\/a>\n\t\t\t<\/div><\/figure><figure class='gallery-item'>\n\t\t\t<div class='gallery-icon landscape'>\n\t\t\t\t<a data-elementor-open-lightbox=\"yes\" data-elementor-lightbox-slideshow=\"729eecd\" data-elementor-lightbox-title=\"opravy 5\" href='https:\/\/www.sailingdreams.cz\/wp-content\/uploads\/2020\/05\/opravy-5.jpeg'><img width=\"768\" height=\"576\" src=\"https:\/\/www.sailingdreams.cz\/wp-content\/uploads\/2020\/05\/opravy-5-768x576.jpeg\" class=\"attachment-medium_large size-medium_large\" alt=\"\" loading=\"lazy\" srcset=\"https:\/\/www.sailingdreams.cz\/wp-content\/uploads\/2020\/05\/opravy-5-768x576.jpeg 768w, https:\/\/www.sailingdreams.cz\/wp-content\/uploads\/2020\/05\/opravy-5-300x225.jpeg 300w, https:\/\/www.sailingdreams.cz\/wp-content\/uploads\/2020\/05\/opravy-5.jpeg 1000w\" sizes=\"(max-width: 768px) 100vw, 768px\" \/><\/a>\n\t\t\t<\/div><\/figure><figure class='gallery-item'>\n\t\t\t<div class='gallery-icon landscape'>\n\t\t\t\t<a data-elementor-open-lightbox=\"yes\" data-elementor-lightbox-slideshow=\"729eecd\" data-elementor-lightbox-title=\"opravy 10\" href='https:\/\/www.sailingdreams.cz\/wp-content\/uploads\/2020\/05\/opravy-10.jpeg'><img width=\"768\" height=\"576\" src=\"https:\/\/www.sailingdreams.cz\/wp-content\/uploads\/2020\/05\/opravy-10-768x576.jpeg\" class=\"attachment-medium_large size-medium_large\" alt=\"\" loading=\"lazy\" srcset=\"https:\/\/www.sailingdreams.cz\/wp-content\/uploads\/2020\/05\/opravy-10-768x576.jpeg 768w, https:\/\/www.sailingdreams.cz\/wp-content\/uploads\/2020\/05\/opravy-10-300x225.jpeg 300w, https:\/\/www.sailingdreams.cz\/wp-content\/uploads\/2020\/05\/opravy-10-1024x768.jpeg 1024w, https:\/\/www.sailingdreams.cz\/wp-content\/uploads\/2020\/05\/opravy-10-1536x1152.jpeg 1536w, https:\/\/www.sailingdreams.cz\/wp-content\/uploads\/2020\/05\/opravy-10.jpeg 2048w\" sizes=\"(max-width: 768px) 100vw, 768px\" \/><\/a>\n\t\t\t<\/div><\/figure><figure class='gallery-item'>\n\t\t\t<div class='gallery-icon landscape'>\n\t\t\t\t<a data-elementor-open-lightbox=\"yes\" data-elementor-lightbox-slideshow=\"729eecd\" data-elementor-lightbox-title=\"opravy 6\" href='https:\/\/www.sailingdreams.cz\/wp-content\/uploads\/2020\/05\/opravy-6.jpeg'><img width=\"768\" height=\"576\" src=\"https:\/\/www.sailingdreams.cz\/wp-content\/uploads\/2020\/05\/opravy-6-768x576.jpeg\" class=\"attachment-medium_large size-medium_large\" alt=\"\" loading=\"lazy\" srcset=\"https:\/\/www.sailingdreams.cz\/wp-content\/uploads\/2020\/05\/opravy-6-768x576.jpeg 768w, https:\/\/www.sailingdreams.cz\/wp-content\/uploads\/2020\/05\/opravy-6-300x225.jpeg 300w, https:\/\/www.sailingdreams.cz\/wp-content\/uploads\/2020\/05\/opravy-6-1024x768.jpeg 1024w, https:\/\/www.sailingdreams.cz\/wp-content\/uploads\/2020\/05\/opravy-6-1536x1152.jpeg 1536w, https:\/\/www.sailingdreams.cz\/wp-content\/uploads\/2020\/05\/opravy-6.jpeg 1920w\" sizes=\"(max-width: 768px) 100vw, 768px\" \/><\/a>\n\t\t\t<\/div><\/figure><figure class='gallery-item'>\n\t\t\t<div class='gallery-icon landscape'>\n\t\t\t\t<a data-elementor-open-lightbox=\"yes\" data-elementor-lightbox-slideshow=\"729eecd\" data-elementor-lightbox-title=\"opravy 9\" href='https:\/\/www.sailingdreams.cz\/wp-content\/uploads\/2020\/05\/opravy-9.jpeg'><img width=\"768\" height=\"576\" src=\"https:\/\/www.sailingdreams.cz\/wp-content\/uploads\/2020\/05\/opravy-9-768x576.jpeg\" class=\"attachment-medium_large size-medium_large\" alt=\"\" loading=\"lazy\" srcset=\"https:\/\/www.sailingdreams.cz\/wp-content\/uploads\/2020\/05\/opravy-9-768x576.jpeg 768w, https:\/\/www.sailingdreams.cz\/wp-content\/uploads\/2020\/05\/opravy-9-300x225.jpeg 300w, https:\/\/www.sailingdreams.cz\/wp-content\/uploads\/2020\/05\/opravy-9-1024x768.jpeg 1024w, https:\/\/www.sailingdreams.cz\/wp-content\/uploads\/2020\/05\/opravy-9-1536x1152.jpeg 1536w, https:\/\/www.sailingdreams.cz\/wp-content\/uploads\/2020\/05\/opravy-9.jpeg 1632w\" sizes=\"(max-width: 768px) 100vw, 768px\" \/><\/a>\n\t\t\t<\/div><\/figure><figure class='gallery-item'>\n\t\t\t<div class='gallery-icon landscape'>\n\t\t\t\t<a data-elementor-open-lightbox=\"yes\" data-elementor-lightbox-slideshow=\"729eecd\" data-elementor-lightbox-title=\"opravy 8\" href='https:\/\/www.sailingdreams.cz\/wp-content\/uploads\/2020\/05\/opravy-8.jpeg'><img width=\"768\" height=\"576\" src=\"https:\/\/www.sailingdreams.cz\/wp-content\/uploads\/2020\/05\/opravy-8-768x576.jpeg\" class=\"attachment-medium_large size-medium_large\" alt=\"\" loading=\"lazy\" srcset=\"https:\/\/www.sailingdreams.cz\/wp-content\/uploads\/2020\/05\/opravy-8-768x576.jpeg 768w, https:\/\/www.sailingdreams.cz\/wp-content\/uploads\/2020\/05\/opravy-8-300x225.jpeg 300w, https:\/\/www.sailingdreams.cz\/wp-content\/uploads\/2020\/05\/opravy-8-1024x768.jpeg 1024w, https:\/\/www.sailingdreams.cz\/wp-content\/uploads\/2020\/05\/opravy-8-1536x1152.jpeg 1536w, https:\/\/www.sailingdreams.cz\/wp-content\/uploads\/2020\/05\/opravy-8.jpeg 1632w\" sizes=\"(max-width: 768px) 100vw, 768px\" \/><\/a>\n\t\t\t<\/div><\/figure><figure class='gallery-item'>\n\t\t\t<div class='gallery-icon portrait'>\n\t\t\t\t<a data-elementor-open-lightbox=\"yes\" data-elementor-lightbox-slideshow=\"729eecd\" data-elementor-lightbox-title=\"opravy 7\" href='https:\/\/www.sailingdreams.cz\/wp-content\/uploads\/2020\/05\/opravy-7-e1591621755862.jpeg'><img width=\"768\" height=\"1023\" src=\"https:\/\/www.sailingdreams.cz\/wp-content\/uploads\/2020\/05\/opravy-7-e1591621755862-768x1023.jpeg\" class=\"attachment-medium_large size-medium_large\" alt=\"\" loading=\"lazy\" srcset=\"https:\/\/www.sailingdreams.cz\/wp-content\/uploads\/2020\/05\/opravy-7-e1591621755862-768x1023.jpeg 768w, https:\/\/www.sailingdreams.cz\/wp-content\/uploads\/2020\/05\/opravy-7-e1591621755862-225x300.jpeg 225w, https:\/\/www.sailingdreams.cz\/wp-content\/uploads\/2020\/05\/opravy-7-e1591621755862.jpeg 863w\" sizes=\"(max-width: 768px) 100vw, 768px\" \/><\/a>\n\t\t\t<\/div><\/figure><figure class='gallery-item'>\n\t\t\t<div class='gallery-icon portrait'>\n\t\t\t\t<a data-elementor-open-lightbox=\"yes\" data-elementor-lightbox-slideshow=\"729eecd\" data-elementor-lightbox-title=\"\u00dadr\u017eba a opravy lod\u00ed\" href='https:\/\/www.sailingdreams.cz\/wp-content\/uploads\/2020\/05\/opravy_2-1.jpeg'><img width=\"768\" height=\"1027\" src=\"https:\/\/www.sailingdreams.cz\/wp-content\/uploads\/2020\/05\/opravy_2-1-768x1027.jpeg\" class=\"attachment-medium_large size-medium_large\" alt=\"\" loading=\"lazy\" srcset=\"https:\/\/www.sailingdreams.cz\/wp-content\/uploads\/2020\/05\/opravy_2-1-768x1027.jpeg 768w, https:\/\/www.sailingdreams.cz\/wp-content\/uploads\/2020\/05\/opravy_2-1-224x300.jpeg 224w, https:\/\/www.sailingdreams.cz\/wp-content\/uploads\/2020\/05\/opravy_2-1-766x1024.jpeg 766w, https:\/\/www.sailingdreams.cz\/wp-content\/uploads\/2020\/05\/opravy_2-1.jpeg 1131w\" sizes=\"(max-width: 768px) 100vw, 768px\" \/><\/a>\n\t\t\t<\/div><\/figure>\n\t\t<\/div>\n\t\t<\/div>\n\t\t\t\t<\/div>\n\t\t\t\t<\/div>\n\t\t\t\t\t\t<\/div>\n\t\t\t\t\t<\/div>\n\t\t<\/div>\n\t\t\t\t\t\t\t\t<\/div>\n\t\t\t\t\t<\/div>\n\t\t<\/section>\n\t\t\t\t\t\t<\/div>\n\t\t\t\t\t\t<\/div>\n\t\t\t\t\t<\/div>\n\t\t","protected":false},"excerpt":{"rendered":"<p>Zku\u0161enost s vlastn\u00edmi plavidly n\u00e1s dovedla k pozn\u00e1n\u00ed, \u017ee \u00fadr\u017eba a opravy jsou jednou ze z\u00e1kladn\u00edch nutn\u00fdch schopnost\u00ed kapit\u00e1na a b\u011bhem let jsme postupn\u011b zvl\u00e1dli mnoh\u00e9 z devatera \u0159emesel. M\u00e1me mezi sebou nejen kutily, ale i profesion\u00e1ln\u00edho voda\u0159e, elektrik\u00e1\u0159e i z\u00e1me\u010dn\u00edka. Pokud se V\u00e1m nechce \u0161pinit v n\u00e1dn\u00ed vod\u011b nebo je pro V\u00e1s oprava Va\u0161\u00ed<\/p>\n","protected":false},"author":1,"featured_media":0,"parent":0,"menu_order":0,"comment_status":"closed","ping_status":"closed","template":"","meta":[],"_links":{"self":[{"href":"https:\/\/www.sailingdreams.cz\/index.php?rest_route=\/wp\/v2\/pages\/11"}],"collection":[{"href":"https:\/\/www.sailingdreams.cz\/index.php?rest_route=\/wp\/v2\/pages"}],"about":[{"href":"https:\/\/www.sailingdreams.cz\/index.php?rest_route=\/wp\/v2\/types\/page"}],"author":[{"embeddable":true,"href":"https:\/\/www.sailingdreams.cz\/index.php?rest_route=\/wp\/v2\/users\/1"}],"replies":[{"embeddable":true,"href":"https:\/\/www.sailingdreams.cz\/index.php?rest_route=%2Fwp%2Fv2%2Fcomments&post=11"}],"version-history":[{"count":10,"href":"https:\/\/www.sailingdreams.cz\/index.php?rest_route=\/wp\/v2\/pages\/11\/revisions"}],"predecessor-version":[{"id":477,"href":"https:\/\/www.sailingdreams.cz\/index.php?rest_route=\/wp\/v2\/pages\/11\/revisions\/477"}],"wp:attachment":[{"href":"https:\/\/www.sailingdreams.cz\/index.php?rest_route=%2Fwp%2Fv2%2Fmedia&parent=11"}],"curies":[{"name":"wp","href":"https:\/\/api.w.org\/{rel}","templated":true}]}}